{"id":54,"date":"2018-09-22T02:48:53","date_gmt":"2018-09-22T02:48:53","guid":{"rendered":"http:\/\/www.comamtransportes.com.br\/home\/?page_id=54"},"modified":"2018-09-22T02:49:56","modified_gmt":"2018-09-22T02:49:56","slug":"cobertura","status":"publish","type":"page","link":"https:\/\/www.comamtransportes.com.br\/home\/cobertura\/","title":{"rendered":"Cobertura"},"content":{"rendered":"<p style=\"text-align: center;\"><strong>Nossas filiais nos permitem atender uma grande quantidade de munic\u00edpios do interior do Estado do Par\u00e1. Confira abaixo a rela\u00e7\u00e3o:<\/strong><\/p>\n<p><img decoding=\"async\" loading=\"lazy\" class=\"alignnone size-full wp-image-55 aligncenter\" src=\"http:\/\/www.comamtransportes.com.br\/home\/wp-content\/uploads\/2018\/09\/praasatendidas.png\" alt=\"\" width=\"1034\" height=\"534\" srcset=\"https:\/\/www.comamtransportes.com.br\/home\/wp-content\/uploads\/2018\/09\/praasatendidas.png 1034w, https:\/\/www.comamtransportes.com.br\/home\/wp-content\/uploads\/2018\/09\/praasatendidas-300x155.png 300w, https:\/\/www.comamtransportes.com.br\/home\/wp-content\/uploads\/2018\/09\/praasatendidas-768x397.png 768w, https:\/\/www.comamtransportes.com.br\/home\/wp-content\/uploads\/2018\/09\/praasatendidas-1024x529.png 1024w\" sizes=\"(max-width: 1034px) 100vw, 1034px\" \/><\/p>\n","protected":false},"excerpt":{"rendered":"<div class=\"slide-text-bg2\"><span>Nossas filiais nos permitem atender uma grande quantidade de munic\u00edpios do interior do Estado do Par\u00e1. Confira abaixo a rela\u00e7\u00e3o:<\/span><\/div>\n","protected":false},"author":1,"featured_media":0,"parent":0,"menu_order":0,"comment_status":"closed","ping_status":"closed","template":"fullwidth.php","meta":[],"_links":{"self":[{"href":"https:\/\/www.comamtransportes.com.br\/home\/wp-json\/wp\/v2\/pages\/54"}],"collection":[{"href":"https:\/\/www.comamtransportes.com.br\/home\/wp-json\/wp\/v2\/pages"}],"about":[{"href":"https:\/\/www.comamtransportes.com.br\/home\/wp-json\/wp\/v2\/types\/page"}],"author":[{"embeddable":true,"href":"https:\/\/www.comamtransportes.com.br\/home\/wp-json\/wp\/v2\/users\/1"}],"replies":[{"embeddable":true,"href":"https:\/\/www.comamtransportes.com.br\/home\/wp-json\/wp\/v2\/comments?post=54"}],"version-history":[{"count":3,"href":"https:\/\/www.comamtransportes.com.br\/home\/wp-json\/wp\/v2\/pages\/54\/revisions"}],"predecessor-version":[{"id":58,"href":"https:\/\/www.comamtransportes.com.br\/home\/wp-json\/wp\/v2\/pages\/54\/revisions\/58"}],"wp:attachment":[{"href":"https:\/\/www.comamtransportes.com.br\/home\/wp-json\/wp\/v2\/media?parent=54"}],"curies":[{"name":"wp","href":"https:\/\/api.w.org\/{rel}","templated":true}]}}