{"id":2,"date":"2018-09-22T01:10:01","date_gmt":"2018-09-22T01:10:01","guid":{"rendered":"http:\/\/www.comamtransportes.com.br\/home\/?page_id=2"},"modified":"2022-02-08T19:03:17","modified_gmt":"2022-02-08T19:03:17","slug":"quemsomos","status":"publish","type":"page","link":"https:\/\/www.comamtransportes.com.br\/home\/quemsomos\/","title":{"rendered":"SOBRE A EMPRESA"},"content":{"rendered":"<p><strong>QUEM SOMOS:<\/strong><\/p>\n<p>A\u00a0<strong>STM TRANSPORTES RODOVI\u00c1RIOS<\/strong> (COMAM TRANSPORTES),\u00a0\u00e9 uma empresa de solu\u00e7\u00f5es log\u00edsticas, nossa atividade de transporte abrange os modais rodovi\u00e1rio e Hidrovi\u00e1rio, para as regi\u00f5es norte e centro oeste do Brasil. Dispomos tamb\u00e9m de solu\u00e7\u00f5es especificas para cada tipo de cliente, consulte-nos.<\/p>\n<p>Com matriz localizada em S\u00e3o Paulo e filiais em Altamira, Bel\u00e9m, Goi\u00e2nia, Itaituba, Macap\u00e1, Manaus, Marab\u00e1, Novo Progresso e Santar\u00e9m. Estamos presentes no em todo o estado do Par\u00e1, Amap\u00e1 Amazonas e Goi\u00e1s com uma Log\u00edstica moderna e eficiente para assim melhor atende-lo.<\/p>\n<p><strong>NOSSO HIST\u00d3RIA:<\/strong><\/p>\n<p>A <strong>COMAM TRANSPORTES<\/strong>, iniciou suas atividades no ano 1981, nessa \u00e9poca os servi\u00e7os eram restritos as atividades do <strong>GRUPO COMAM<\/strong>, que possu\u00eda mais de 30 lojas no segmento de com\u00e9rcio varejista e atacadista de m\u00e1quinas e motores, espalhadas em todo o estado do Par\u00e1, da\u00ed o nome <strong>COMAM<\/strong> (Comercio de Maquinas e Motores), seu fundador, Walter de Oliveira, j\u00e1 percebera a precariedade dos servi\u00e7os oferecidos at\u00e9 ent\u00e3o pelas empresas de transportes que atuavam na ocasi\u00e3o e investiu em frota rodovi\u00e1ria e fluvial, a princ\u00edpio para atender \u00e0 demanda das suas pr\u00f3prias empresas, em meados de 1990 foi adquirido um im\u00f3vel em S\u00e3o Paulo Capital onde hoje \u00e9 nossa sede pr\u00f3pria e ent\u00e3o passamos atender empresas terceiras.<\/p>\n<p>Atualmente a <strong>COMAM TRANSPORTES<\/strong> \u00e9 uma empresa independente, nosso crescimento ao longo dos anos foi baseado em qualidade no atendimento, agilidade nas entregas e supera\u00e7\u00e3o de dificuldades, procuramos sempre investir em qualifica\u00e7\u00e3o de nossa equipe de profissionais, para assim melhor atender nossos clientes.<\/p>\n<p>O resultado voc\u00ea confere nas estradas, a <strong>COMAM TRANSPORTES<\/strong> trazendo at\u00e9 voc\u00ea a qualidade de quem conhece o que faz, com suas demandas e caracter\u00edsticas pr\u00f3prias, \u00a0trabalhando para entregar \u00e0 sua empresa um servi\u00e7o marcante e de sucesso&#8230;<\/p>\n","protected":false},"excerpt":{"rendered":"<div class=\"slide-text-bg2\"><span>QUEM SOMOS: A\u00a0STM TRANSPORTES RODOVI\u00c1RIOS (COMAM TRANSPORTES),\u00a0\u00e9 uma empresa de solu\u00e7\u00f5es log\u00edsticas, nossa atividade de transporte abrange os modais<\/span><\/div>\n<div class=\"slide-btn-area-sm\"><a href=\"https:\/\/www.comamtransportes.com.br\/home\/quemsomos\/\" class=\"slide-btn-sm\">Ler mais<\/a><\/div>\n","protected":false},"author":1,"featured_media":0,"parent":0,"menu_order":0,"comment_status":"closed","ping_status":"open","template":"fullwidth.php","meta":[],"_links":{"self":[{"href":"https:\/\/www.comamtransportes.com.br\/home\/wp-json\/wp\/v2\/pages\/2"}],"collection":[{"href":"https:\/\/www.comamtransportes.com.br\/home\/wp-json\/wp\/v2\/pages"}],"about":[{"href":"https:\/\/www.comamtransportes.com.br\/home\/wp-json\/wp\/v2\/types\/page"}],"author":[{"embeddable":true,"href":"https:\/\/www.comamtransportes.com.br\/home\/wp-json\/wp\/v2\/users\/1"}],"replies":[{"embeddable":true,"href":"https:\/\/www.comamtransportes.com.br\/home\/wp-json\/wp\/v2\/comments?post=2"}],"version-history":[{"count":6,"href":"https:\/\/www.comamtransportes.com.br\/home\/wp-json\/wp\/v2\/pages\/2\/revisions"}],"predecessor-version":[{"id":325,"href":"https:\/\/www.comamtransportes.com.br\/home\/wp-json\/wp\/v2\/pages\/2\/revisions\/325"}],"wp:attachment":[{"href":"https:\/\/www.comamtransportes.com.br\/home\/wp-json\/wp\/v2\/media?parent=2"}],"curies":[{"name":"wp","href":"https:\/\/api.w.org\/{rel}","templated":true}]}}